{"id":633,"date":"2026-01-29T15:14:41","date_gmt":"2026-01-29T14:14:41","guid":{"rendered":"https:\/\/gerechtigkeit-fuer-lorenz.org\/?page_id=633"},"modified":"2026-04-22T01:02:59","modified_gmt":"2026-04-21T23:02:59","slug":"pressespiegel","status":"publish","type":"page","link":"https:\/\/gerechtigkeit-fuer-lorenz.org\/en\/pressespiegel\/","title":{"rendered":"Press Reports"},"content":{"rendered":"<div class=\"wp-block-group has-global-padding is-layout-constrained wp-container-core-group-is-layout-86dba5ee wp-block-group-is-layout-constrained\" style=\"border-width:2px;padding-top:var(--wp--preset--spacing--10);padding-right:var(--wp--preset--spacing--10);padding-bottom:var(--wp--preset--spacing--10);padding-left:var(--wp--preset--spacing--10)\">\n<p>Here you will find a chronologically organized selection of press releases and other media coverage.<\/p>\n\n\n\n<p>The titles are written in italics. Most of them are accessible without a paywall. <\/p>\n\n\n\n<p>Titles in bold are our top recommendations.\n\nAll of it is in German.<\/p>\n<\/div>\n\n\n\n<div class=\"wp-block-group has-global-padding is-layout-constrained wp-container-core-group-is-layout-86dba5ee wp-block-group-is-layout-constrained\" style=\"border-width:2px;padding-top:var(--wp--preset--spacing--10);padding-right:var(--wp--preset--spacing--10);padding-bottom:var(--wp--preset--spacing--10);padding-left:var(--wp--preset--spacing--10)\">\n<h3 class=\"wp-block-heading\">2026<\/h3>\n\n\n\n<ul class=\"wp-block-list\">\n<li>19.04.26 <a href=\"https:\/\/taz.de\/Ein-Jahr-nach-dem-Tod-von-Lorenz-A\/!6170157\/\">taz - Article<\/a> <em>Er war kein Einzelfall<\/em><\/li>\n\n\n\n<li>16.04.26 <a href=\"https:\/\/jungle.world\/artikel\/2026\/16\/das-wirkt-nicht-neutral\">jungle.world &#8211; Artikel<\/a> <em>\u00bbDas wirkt nicht neutral\u00ab<\/em><\/li>\n\n\n\n<li>23.02.26 <a href=\"https:\/\/taz.de\/Toedliche-Polizeischuesse-auf-Lorenz-A\/!6151985\/\" data-type=\"link\" data-id=\"https:\/\/taz.de\/Toedliche-Polizeischuesse-auf-Lorenz-A\/!6151985\/\">taz - Article<\/a> <em><strong>\u201eEs war eine Frage der Zeit, bis einer von uns so stirbt\u201c<\/strong><\/em><\/li>\n\n\n\n<li>15.01.26 <a href=\"https:\/\/www.migazin.de\/2026\/01\/15\/polizist-gericht-schwierige-aufklaerung-lorenz\/\">Migazin &#8211; Artikel<\/a> <em>Polizist vor Gericht? &#8211; Schwierige Aufkl\u00e4rung von Lorenz\u2018 Tod<\/em><\/li>\n<\/ul>\n<\/div>\n\n\n\n<div class=\"wp-block-group has-global-padding is-layout-constrained wp-container-core-group-is-layout-86dba5ee wp-block-group-is-layout-constrained\" style=\"border-width:2px;padding-top:var(--wp--preset--spacing--10);padding-right:var(--wp--preset--spacing--10);padding-bottom:var(--wp--preset--spacing--10);padding-left:var(--wp--preset--spacing--10)\">\n<h3 class=\"wp-block-heading\">2025<\/h3>\n\n\n\n<ul class=\"wp-block-list\">\n<li>25.11.25 <a href=\"https:\/\/verband-brg.de\/folge-58-aufklaerung-und-anklage-toedliche-polizeischuesse-lorenz\/\">VBRG &#8211; Podcast<\/a> <em><strong>Aufkl\u00e4rung und Anklage nach den t\u00f6dlichen Polizeisch\u00fcssen auf Lorenz A.<\/strong><\/em><\/li>\n\n\n\n<li>17.11.25 <a href=\"https:\/\/www.youtube.com\/watch?v=c62U_u7ZpLw\">RADIO GLOBAL &#8211; Video<\/a> <em><strong>Demo Gerechtigkeit f\u00fcr Lorenz: Kritik an der Anklage<\/strong><\/em><\/li>\n\n\n\n<li>08.11.25 <a href=\"https:\/\/www.ndr.de\/nachrichten\/niedersachsen\/oldenburg_ostfriesland\/anklage-im-fall-lorenz-a-so-geht-es-jetzt-weiter,lorenza-100.html\">NDR &#8211; Artikel<\/a> <em>Anklage im Fall Lorenz A. erhoben: So geht es jetzt weiter<\/em><\/li>\n\n\n\n<li>06.11.25 <a href=\"https:\/\/www.youtube.com\/watch?v=ZOhdFAmUVk4\">Hubertus Koch &#8211; Video<\/a> <em><strong>SCH\u00dcTZE MUSS VOR GERICHT! | Update im Fall Lorenz (VLOG)<\/strong><\/em><\/li>\n\n\n\n<li>06.11.25 <a href=\"https:\/\/www.youtube.com\/watch?v=sUhMjiv-OKc\">NDR Info &#8211; Video<\/a> <em>Oldenburg: Staatsanwaltschaft erhebt Anklage im Fall Lorenz A.<\/em><\/li>\n\n\n\n<li>06.11.25 <a href=\"https:\/\/taz.de\/Akten-im-Fall-Lorenz-A\/!6127725\/\">taz - Article<\/a> <em><strong>Ein Lehrst\u00fcck der T\u00e4ter-Opfer-Umkehr<\/strong><\/em><\/li>\n\n\n\n<li>05.11.25 <a href=\"https:\/\/www.spiegel.de\/panorama\/justiz\/oldenburg-polizist-wegen-toedlicher-schuesse-auf-lorenz-a-angeklagt-a-184b5412-0e73-4deb-8e20-ebdea89613b9\">Spiegel &#8211; Artikel<\/a> <em>T\u00f6dliche Sch\u00fcsse in Oldenburg \u2013 Polizist angeklagt<\/em><\/li>\n\n\n\n<li>05.11.25 <a href=\"https:\/\/taz.de\/Fall-Lorenz-A\/!6127100\/\">taz - Article<\/a> <em>Anklagegrund gegen Polizisten sorgt f\u00fcr Kritik<\/em><\/li>\n\n\n\n<li>05.11.25 <a href=\"https:\/\/www.zeit.de\/gesellschaft\/2025-10\/lorenz-a-oldenburg-staatsanwaltschaft-verfahren-polizei\">Zeit &#8211; Artikel<\/a> <em><strong>Ihn trafen drei Sch\u00fcsse \u2013 von hinten<\/strong><\/em><\/li>\n\n\n\n<li>24.10.25 <a href=\"https:\/\/www.ndr.de\/nachrichten\/niedersachsen\/oldenburg_ostfriesland\/oldenburg-lorenz-a-erst-gefesselt-dann-erste-hilfe-geleistet,lorenz-136.html\">NDR &#8211; Artikel<\/a> <em>Fall Lorenz A.: Erst gefesselt, dann Erste Hilfe geleistet?<\/em><\/li>\n\n\n\n<li>24.10.25 <a href=\"https:\/\/taz.de\/Todesschuesse-auf-Lorenz-A-in-Oldenburg\/!6123969\/\">taz - Article<\/a> <em>Polizei ermittelt gegen Polizeiopfer<\/em><\/li>\n\n\n\n<li>23.10.25 <a href=\"https:\/\/www.nwzonline.de\/oldenburg\/polizeischuesse-auf-lorenz-a-in-oldenburg-neue-details-zur-nacht-und-erste-hilfe-einsatz_a_4,2,2523716969.html\">NWZ &#8211; Artikel<\/a> <em>Erst Handschellen, dann Erste Hilfe \u2013 neue Details aus Ermittlungsakten<\/em><\/li>\n\n\n\n<li>13.10.25 <a href=\"https:\/\/www.nd-aktuell.de\/artikel\/1194689.oldenburg-lorenz-a-ermittlungen-auf-sparflamme.html?sstr=lorenz\">nd- Artikel<\/a> <em>Lorenz A.: Ermittlungen auf Sparflamme<\/em><\/li>\n\n\n\n<li>09.10.25 <a href=\"https:\/\/www.butenunbinnen.de\/nachrichten\/kritik-ermittlungen-lorenz-oldenburg-104.html\">butenundbinnen &#8211; Artikel und Audio<\/a> <em>Get\u00f6teter Lorenz A. in Oldenburg: Anw\u00e4ltin kritisiert Ermittlungen<\/em><\/li>\n\n\n\n<li>02.10.25 <a href=\"https:\/\/www.youtube.com\/watch?v=rU7hcUhJXio\">Hubertus Koch &#8211; Video<\/a> <em><strong>POLIZEIGEWALT: KEIN FREUND, KEIN HELFER &#8211; LORENZ &amp; DIE EINZELF\u00c4LLE<\/strong><\/em><\/li>\n\n\n\n<li>15.08.25 <a href=\"https:\/\/taz.de\/Gedenken-an-Lorenz-A\/!6107261\/\">taz - Article<\/a> <em>Hetze gegen Polizeiopfer<\/em><\/li>\n\n\n\n<li>08.08.25 <a href=\"https:\/\/www.zeit.de\/gesellschaft\/zeitgeschehen\/2025-08\/lorenz-a-ermittlungen-schuesse-polizist-aus-der-naehe\">Zeit &#8211; Artikel<\/a> <em>T\u00f6dliche Sch\u00fcsse trafen Lorenz A. offenbar aus n\u00e4chster N\u00e4he<\/em><\/li>\n\n\n\n<li>30.06.25 <a href=\"https:\/\/taz.de\/Tag-gegen-Polizeigewalt-in-Oldenburg\/!6097046\/\">taz - Article<\/a> <em>Vertrauen ist schlecht, Kontrolle w\u00e4re besser<\/em><\/li>\n\n\n\n<li>29.06.25 <a href=\"https:\/\/www.nd-aktuell.de\/artikel\/1192234.bundesweite-demos-aktionstag-gegen-polizeigewalt-keine-einzelfaelle.html\">nd - Article<\/a> <em>Aktionstag gegen Polizeigewalt: Keine Einzelf\u00e4lle<\/em><\/li>\n\n\n\n<li>16.06.25 <a href=\"https:\/\/www.nd-aktuell.de\/artikel\/1191929.oldenburger-todesschuesse-digitale-rekonstruktion-im-fall-lorenz-a.html?\">nd - Article<\/a> <em>Digitale Rekonstruktion im Fall Lorenz A.<\/em><\/li>\n\n\n\n<li>06.06.25 <a href=\"https:\/\/taz.de\/Ermittlungen-im-Fall-Lorenz-A\/!6092527\/\">taz - Article<\/a> <em>Ohne Warnschuss erschossen<\/em><\/li>\n\n\n\n<li>29.05.25 <a href=\"https:\/\/taz.de\/Nach-dem-Tod-von-Lorenz-A\/!6087308\/\">taz - Article<\/a> <em>Stream von Podiumsdebatte f\u00fcr rassistische Hetze gekapert<\/em><\/li>\n\n\n\n<li>29.05.25 <a href=\"https:\/\/www.youtube.com\/watch?v=9H1XD4W4ZU4\">taz - Video<\/a> <em><strong>Oldenburg trauert um Lorenz A.<\/strong><\/em><\/li>\n\n\n\n<li>20.05.25 <a href=\"https:\/\/www.akweb.de\/politik\/ein-sich-selbst-schuetzendes-system-mord-an-lorenz-a-polizeigewalt-medien-rassismus\/\">ak &#8211; Artikel<\/a> <em><strong>Ein sich selbst sch\u00fctzendes System<\/strong><\/em><\/li>\n\n\n\n<li>12.05.25 <a href=\"https:\/\/taz.de\/Geburtstag-von-getoetetem-Lorenz-A\/!6084446\/\">taz - Article<\/a> <em>Schwarze Ballons und sportliches Gedenken<\/em><\/li>\n\n\n\n<li>12.05.25 <a href=\"https:\/\/www.nd-aktuell.de\/artikel\/1191161.oldenburg-getoeteter-lorenz-a-schwarze-ballons-statt-geburtstagskerzen.html\">nd - Article<\/a> <em>Get\u00f6teter Lorenz A.: Schwarze Ballons statt Geburtstagskerzen<\/em><\/li>\n\n\n\n<li>10.05.25 <a href=\"https:\/\/taz.de\/Trauer-um-Lorenz-A\/!6084205\/\">taz - Article<\/a> <em>Nach den Sch\u00fcssen<\/em><\/li>\n\n\n\n<li>09.05.25 <a href=\"https:\/\/www.nd-aktuell.de\/artikel\/1191114.toedliche-polizeigewalt-toedliche-schuesse-auf-lorenz-a-thema-im-landtag.html?\">nd  &#8211; Artikel<\/a> <em>T\u00f6dliche Sch\u00fcsse auf Lorenz A. Thema im Landtag<\/em><\/li>\n\n\n\n<li>08.05.25 <a href=\"https:\/\/jungle.world\/artikel\/2025\/19\/kamera-aus-feuer-frei\">jungle.world &#8211; Artikel<\/a> <em>Kamera aus, Feuer frei<\/em><\/li>\n\n\n\n<li>05.05.25 <a href=\"https:\/\/uebermedien.de\/105126\/der-erfundene-messer-angreifer-von-oldenburg\/\">\u00dcbermedien<\/a> <strong>Der erfundene \u201eMesser-Angreifer\u201c von Oldenburg<\/strong><\/li>\n\n\n\n<li>30.04.25 <a href=\"https:\/\/www.nd-aktuell.de\/artikel\/1190843.polizeigewalt-lorenz-in-oldenburg-demonstranten-fordern-aufklaerung.html?sstr=lorenz\">nd - Article<\/a> <em>Lorenz in Oldenburg: Demonstranten fordern Aufkl\u00e4rung<\/em><\/li>\n\n\n\n<li>29.04.25 <a href=\"https:\/\/taz.de\/Polizeiopfer-Lorenz-A\/!6082160\/\">taz - Article<\/a> <em>Oberb\u00fcrgermeister vergisst Mitgef\u00fchl f\u00fcr Erschossenen<\/em><\/li>\n\n\n\n<li>28.04.25 <a href=\"https:\/\/www.nd-aktuell.de\/artikel\/1190751.polizeigewalt-lorenz-in-oldenburg-toedlicher-kopfschuss-von-hinten.html?sstr=lorenz\">nd - Article<\/a> <em>Lorenz in Oldenburg: T\u00f6dlicher Kopfschuss von hinten<\/em><\/li>\n\n\n\n<li>26.04.25 <a href=\"https:\/\/www.zeit.de\/gesellschaft\/2025-04\/lorenz-a-schuesse-polizei-demo-oldenburg\">Zeit &#8211; Artikel<\/a> <strong>&#8222;<em>Sein Lachen war ansteckend. Er hat immer viel gelacht&#8220;<\/em><\/strong><\/li>\n\n\n\n<li>26.04.25 <a href=\"https:\/\/taz.de\/Demonstration-fuer-Lorenz-A\/!6084885\/\">taz - Article<\/a> <em>Eine Stadt trauert<\/em><\/li>\n\n\n\n<li>25.04.25 <a href=\"https:\/\/youtu.be\/CwvYzkQWd9w?si=Xpn-Y5TnrxxmRY3T&amp;t=618\">Tagesschau - Video<\/a> <em>Ausschnitt von tagesschau 20:00 Uhr, 25.04.2025<\/em><\/li>\n\n\n\n<li>25.04.25 <a href=\"https:\/\/www1.wdr.de\/nachrichten\/lorenz-oldenburg-toedliche-polizeischuesse-100.html\">WDR &#8211; Artikel und Video<\/a> <em>T\u00f6dliche Polizeisch\u00fcsse in Oldenburg: Was wir wissen &#8211; und was nicht<\/em><\/li>\n\n\n\n<li>24.04.25 <a href=\"https:\/\/www.zeit.de\/gesellschaft\/zeitgeschehen\/2025-04\/oldenburg-polizeigewalt-lorenz-a-kundgebung\">Zeit &#8211; Artikel<\/a> <em>Oldenburger planen Kundgebung nach t\u00f6dlichen Sch\u00fcssen auf Schwarzen<\/em><\/li>\n\n\n\n<li>24.04.25 <a href=\"https:\/\/www.amadeu-antonio-stiftung.de\/polizeiproblem-21-jaehriger-lorenz-in-oldenburg-von-der-polizei-erschossen-135595\/\">Amadeu Antonio Stiftung &#8211; Artikel<\/a> <em>Polizeiproblem: 21-j\u00e4hriger Lorenz A. in Oldenburg von der Polizei erschossen<\/em><\/li>\n\n\n\n<li>22.04.25 <a href=\"https:\/\/taz.de\/Toedlicher-Polizeieinsatz-in-Oldenburg\/!6083773\/\">taz - Article<\/a> <em>Drei Sch\u00fcsse von hinten<\/em><\/li>\n\n\n\n<li>21.04.25 <a href=\"https:\/\/taz.de\/Polizei-erschiesst-21-jaehrigen-Schwarzen\/!6083144\/\">taz - Article<\/a> <em>Lorenz wurde nur 21<\/em><\/li>\n<\/ul>\n<\/div>","protected":false},"excerpt":{"rendered":"<p>Hier findet ihr eine chronologisch sortierte Auswahl an Presseberichten und anderen Medienbeitr\u00e4gen. Die Titel sind in kursiv geschrieben. Die Meisten sind ohne paywall zug\u00e4nglich. Fett gedruckte Titel sind von uns besonders empfohlen. 2026 2025<\/p>","protected":false},"author":1,"featured_media":0,"parent":0,"menu_order":0,"comment_status":"closed","ping_status":"closed","template":"","meta":{"footnotes":""},"class_list":["post-633","page","type-page","status-publish","hentry"],"_links":{"self":[{"href":"https:\/\/gerechtigkeit-fuer-lorenz.org\/en\/wp-json\/wp\/v2\/pages\/633","targetHints":{"allow":["GET"]}}],"collection":[{"href":"https:\/\/gerechtigkeit-fuer-lorenz.org\/en\/wp-json\/wp\/v2\/pages"}],"about":[{"href":"https:\/\/gerechtigkeit-fuer-lorenz.org\/en\/wp-json\/wp\/v2\/types\/page"}],"author":[{"embeddable":true,"href":"https:\/\/gerechtigkeit-fuer-lorenz.org\/en\/wp-json\/wp\/v2\/users\/1"}],"replies":[{"embeddable":true,"href":"https:\/\/gerechtigkeit-fuer-lorenz.org\/en\/wp-json\/wp\/v2\/comments?post=633"}],"version-history":[{"count":14,"href":"https:\/\/gerechtigkeit-fuer-lorenz.org\/en\/wp-json\/wp\/v2\/pages\/633\/revisions"}],"predecessor-version":[{"id":1047,"href":"https:\/\/gerechtigkeit-fuer-lorenz.org\/en\/wp-json\/wp\/v2\/pages\/633\/revisions\/1047"}],"wp:attachment":[{"href":"https:\/\/gerechtigkeit-fuer-lorenz.org\/en\/wp-json\/wp\/v2\/media?parent=633"}],"curies":[{"name":"wp","href":"https:\/\/api.w.org\/{rel}","templated":true}]}}