{"id":963,"date":"2026-03-02T23:18:50","date_gmt":"2026-03-02T22:18:50","guid":{"rendered":"https:\/\/gerechtigkeit-fuer-lorenz.org\/?page_id=963"},"modified":"2026-03-02T23:18:50","modified_gmt":"2026-03-02T22:18:50","slug":"soli-merch","status":"publish","type":"page","link":"https:\/\/gerechtigkeit-fuer-lorenz.org\/en\/soli-merch\/","title":{"rendered":"Solidarity Merch"},"content":{"rendered":"<p><a href=\"https:\/\/black-mosquito.org\/de\/long-live-lorenz-soli-t-shirt.html\">You can buy our Soli shirts at Black Mosquito.<\/a><\/p>\n\n\n\n<p>The proceeds from the Soli shirts will go directly to Lorenz's relatives and will be used primarily for legal support and the work of the initiative. So, on the one hand, you can provide direct financial support and, on the other hand, contribute to a dignified and supportive commemoration of Lorenz.<\/p>\n\n\n\n<figure class=\"wp-block-gallery has-nested-images columns-default is-cropped wp-block-gallery-1 is-layout-flex wp-block-gallery-is-layout-flex\">\n<figure class=\"wp-block-image size-full\"><a href=\"https:\/\/black-mosquito.org\/de\/long-live-lorenz-soli-t-shirt.html\"><img loading=\"lazy\" decoding=\"async\" width=\"1710\" height=\"2560\" data-id=\"960\" src=\"https:\/\/gerechtigkeit-fuer-lorenz.org\/wp-content\/uploads\/2026\/03\/DSC02031x.00_00_08_05.Standbild018-scaled.png\" alt=\"\" class=\"wp-image-960\" srcset=\"https:\/\/gerechtigkeit-fuer-lorenz.org\/wp-content\/uploads\/2026\/03\/DSC02031x.00_00_08_05.Standbild018-scaled.png 1710w, https:\/\/gerechtigkeit-fuer-lorenz.org\/wp-content\/uploads\/2026\/03\/DSC02031x.00_00_08_05.Standbild018-200x300.png 200w\" sizes=\"auto, (max-width: 1710px) 100vw, 1710px\" \/><\/a><\/figure>\n\n\n\n<figure class=\"wp-block-image size-full\"><a href=\"https:\/\/black-mosquito.org\/de\/long-live-lorenz-soli-t-shirt.html\"><img loading=\"lazy\" decoding=\"async\" width=\"1710\" height=\"2560\" data-id=\"962\" src=\"https:\/\/gerechtigkeit-fuer-lorenz.org\/wp-content\/uploads\/2026\/03\/DSC02031x.00_00_05_05.Standbild006-scaled.png\" alt=\"\" class=\"wp-image-962\" srcset=\"https:\/\/gerechtigkeit-fuer-lorenz.org\/wp-content\/uploads\/2026\/03\/DSC02031x.00_00_05_05.Standbild006-scaled.png 1710w, https:\/\/gerechtigkeit-fuer-lorenz.org\/wp-content\/uploads\/2026\/03\/DSC02031x.00_00_05_05.Standbild006-200x300.png 200w\" sizes=\"auto, (max-width: 1710px) 100vw, 1710px\" \/><\/a><\/figure>\n<\/figure>\n\n\n\n<p><a href=\"https:\/\/black-mosquito.org\/de\/long-live-lorenz-aufkleber.html\">You can also order stickers from Black Mosquito at a reasonable price: <\/a><\/p>\n\n\n\n<figure class=\"wp-block-image size-full\"><a href=\"https:\/\/black-mosquito.org\/de\/long-live-lorenz-aufkleber.html\"><img loading=\"lazy\" decoding=\"async\" width=\"978\" height=\"916\" src=\"https:\/\/gerechtigkeit-fuer-lorenz.org\/wp-content\/uploads\/2026\/03\/sticker-1.jpg\" alt=\"\" class=\"wp-image-965\" srcset=\"https:\/\/gerechtigkeit-fuer-lorenz.org\/wp-content\/uploads\/2026\/03\/sticker-1.jpg 978w, https:\/\/gerechtigkeit-fuer-lorenz.org\/wp-content\/uploads\/2026\/03\/sticker-1-300x281.jpg 300w, https:\/\/gerechtigkeit-fuer-lorenz.org\/wp-content\/uploads\/2026\/03\/sticker-1-768x719.jpg 768w, https:\/\/gerechtigkeit-fuer-lorenz.org\/wp-content\/uploads\/2026\/03\/sticker-1-13x12.jpg 13w\" sizes=\"auto, (max-width: 978px) 100vw, 978px\" \/><\/a><\/figure>\n\n\n\n<p>Thanks to May-Li Kramer aka <a href=\"https:\/\/www.instagram.com\/derangedslug\/\">@derangedslug<\/a> for the great design and also thanks to Black Mosquito for the hands-on support.<\/p>","protected":false},"excerpt":{"rendered":"<p>Bei Black Mosquito k\u00f6nnt ihr unsere Soli-Shirts kaufen. Der Umsatz der Soli-Shirts geht direkt an Angeh\u00f6rige von Lorenz und wird v.a. f\u00fcr die juristische Unterst\u00fctzung und die Arbeit der Initiative verwendet werden. Ihr k\u00f6nnt damit also zum einen direkt finanziell unterst\u00fctzen und zum anderen zu einem w\u00fcrdevollen und solidarischen Gedenken an Lorenz beitragen. Au\u00dferdem k\u00f6nnt [&hellip;]<\/p>\n","protected":false},"author":1,"featured_media":0,"parent":0,"menu_order":0,"comment_status":"closed","ping_status":"closed","template":"","meta":{"footnotes":""},"class_list":["post-963","page","type-page","status-publish","hentry"],"_links":{"self":[{"href":"https:\/\/gerechtigkeit-fuer-lorenz.org\/en\/wp-json\/wp\/v2\/pages\/963","targetHints":{"allow":["GET"]}}],"collection":[{"href":"https:\/\/gerechtigkeit-fuer-lorenz.org\/en\/wp-json\/wp\/v2\/pages"}],"about":[{"href":"https:\/\/gerechtigkeit-fuer-lorenz.org\/en\/wp-json\/wp\/v2\/types\/page"}],"author":[{"embeddable":true,"href":"https:\/\/gerechtigkeit-fuer-lorenz.org\/en\/wp-json\/wp\/v2\/users\/1"}],"replies":[{"embeddable":true,"href":"https:\/\/gerechtigkeit-fuer-lorenz.org\/en\/wp-json\/wp\/v2\/comments?post=963"}],"version-history":[{"count":1,"href":"https:\/\/gerechtigkeit-fuer-lorenz.org\/en\/wp-json\/wp\/v2\/pages\/963\/revisions"}],"predecessor-version":[{"id":966,"href":"https:\/\/gerechtigkeit-fuer-lorenz.org\/en\/wp-json\/wp\/v2\/pages\/963\/revisions\/966"}],"wp:attachment":[{"href":"https:\/\/gerechtigkeit-fuer-lorenz.org\/en\/wp-json\/wp\/v2\/media?parent=963"}],"curies":[{"name":"wp","href":"https:\/\/api.w.org\/{rel}","templated":true}]}}